{"id":218,"date":"2026-01-01T13:14:48","date_gmt":"2026-01-01T13:14:48","guid":{"rendered":"https:\/\/eternallife.duxhub.ovh\/?page_id=218"},"modified":"2026-01-01T13:17:33","modified_gmt":"2026-01-01T13:17:33","slug":"landing-page","status":"publish","type":"page","link":"https:\/\/eternallife.duxhub.ovh\/","title":{"rendered":"Landing Page"},"content":{"rendered":"\t\t<div data-elementor-type=\"wp-page\" data-elementor-id=\"218\" class=\"elementor elementor-218\">\n\t\t\t\t<div class=\"elementor-element elementor-element-910fe3b e-flex e-con-boxed wpr-particle-no wpr-jarallax-no wpr-parallax-no wpr-sticky-section-no e-con e-parent\" data-id=\"910fe3b\" data-element_type=\"container\">\n\t\t\t\t\t<div class=\"e-con-inner\">\n\t\t\t\t<div class=\"elementor-element elementor-element-c240a3b elementor-position-top elementor-widget elementor-widget-image-box\" data-id=\"c240a3b\" data-element_type=\"widget\" data-widget_type=\"image-box.default\">\n\t\t\t\t<div class=\"elementor-widget-container\">\n\t\t\t\t\t<div class=\"elementor-image-box-wrapper\"><figure class=\"elementor-image-box-img\"><img fetchpriority=\"high\" decoding=\"async\" width=\"699\" height=\"575\" src=\"https:\/\/eternallife.duxhub.ovh\/wp-content\/uploads\/2025\/04\/Logo-DuxHub-Zasob-3@4x.webp\" class=\"attachment-full size-full wp-image-171\" alt=\"Logo Duxhub\" srcset=\"https:\/\/eternallife.duxhub.ovh\/wp-content\/uploads\/2025\/04\/Logo-DuxHub-Zasob-3@4x.webp 699w, https:\/\/eternallife.duxhub.ovh\/wp-content\/uploads\/2025\/04\/Logo-DuxHub-Zasob-3@4x-300x247.webp 300w\" sizes=\"(max-width: 699px) 100vw, 699px\" \/><\/figure><div class=\"elementor-image-box-content\"><h3 class=\"elementor-image-box-title\">Darmowa strona dla twoje organizacji<\/h3><p class=\"elementor-image-box-description\">Do\u0142\u0105cz do Duxhub i otrzymaj darmow\u0105 stron\u0119 dla Twojej organizacji<\/p><\/div><\/div>\t\t\t\t<\/div>\n\t\t\t\t<\/div>\n\t\t\t\t\t<\/div>\n\t\t\t\t<\/div>\n\t\t\t\t<\/div>\n\t\t","protected":false},"excerpt":{"rendered":"<p>Darmowa strona dla twoje organizacji Do\u0142\u0105cz do Duxhub i otrzymaj darmow\u0105 stron\u0119 dla Twojej organizacji<\/p>\n","protected":false},"author":1,"featured_media":0,"parent":0,"menu_order":2,"comment_status":"closed","ping_status":"closed","template":"elementor_canvas","meta":{"footnotes":""},"class_list":["post-218","page","type-page","status-publish","hentry"],"_links":{"self":[{"href":"https:\/\/eternallife.duxhub.ovh\/index.php\/wp-json\/wp\/v2\/pages\/218","targetHints":{"allow":["GET"]}}],"collection":[{"href":"https:\/\/eternallife.duxhub.ovh\/index.php\/wp-json\/wp\/v2\/pages"}],"about":[{"href":"https:\/\/eternallife.duxhub.ovh\/index.php\/wp-json\/wp\/v2\/types\/page"}],"author":[{"embeddable":true,"href":"https:\/\/eternallife.duxhub.ovh\/index.php\/wp-json\/wp\/v2\/users\/1"}],"replies":[{"embeddable":true,"href":"https:\/\/eternallife.duxhub.ovh\/index.php\/wp-json\/wp\/v2\/comments?post=218"}],"version-history":[{"count":7,"href":"https:\/\/eternallife.duxhub.ovh\/index.php\/wp-json\/wp\/v2\/pages\/218\/revisions"}],"predecessor-version":[{"id":225,"href":"https:\/\/eternallife.duxhub.ovh\/index.php\/wp-json\/wp\/v2\/pages\/218\/revisions\/225"}],"wp:attachment":[{"href":"https:\/\/eternallife.duxhub.ovh\/index.php\/wp-json\/wp\/v2\/media?parent=218"}],"curies":[{"name":"wp","href":"https:\/\/api.w.org\/{rel}","templated":true}]}}